{"id":553,"date":"2016-06-13T15:49:20","date_gmt":"2016-06-13T14:49:20","guid":{"rendered":"http:\/\/nusahibi.com\/fr\/?page_id=553"},"modified":"2020-11-24T05:21:31","modified_gmt":"2020-11-24T04:21:31","slug":"ecolodge-bungalow-ecologique","status":"publish","type":"page","link":"https:\/\/nusahibi.com\/fr\/ecolodge-bungalow-ecologique\/","title":{"rendered":"Nusahibi &#8211; Un v\u00e9ritable Ecolodge \/ Bungalows \u00e9cologique !"},"content":{"rendered":"<div id=\"cs-content\" class=\"cs-content\"><\/div>\n","protected":false},"excerpt":{"rendered":"<p>Nous sommes un v\u00e9ritable hotel \u00e9cologique et solidaire. Voici pourquoi !Mat\u00e9riaux renouvelablesBeaut\u00e9 et robustesse du bambou. Une architecture organique, naturelle, et \u00e9cologiquement coh\u00e9renteProduction \/ Consommation localeUn potager bio, une production et consommation locales pour un impact \u00e9cologique nul.R\u00e9duire \/ R\u00e9utiliser \/ RecyclerDes solutions d&rsquo;\u00e9conomies d&rsquo;eau et d&rsquo;energie simples et qui ont un sens. Une gestion des d\u00e9chets imp\u00e9cable.Production d&rsquo;energie solaireUn &#8230; <\/p>\n<div><a href=\"https:\/\/nusahibi.com\/fr\/ecolodge-bungalow-ecologique\/\" class=\"more-link\">Read More<\/a><\/div>\n","protected":false},"author":1,"featured_media":0,"parent":0,"menu_order":0,"comment_status":"closed","ping_status":"closed","template":"","meta":{"_monsterinsights_skip_tracking":false,"_monsterinsights_sitenote_active":false,"_monsterinsights_sitenote_note":"","_monsterinsights_sitenote_category":0,"jetpack_post_was_ever_published":false,"footnotes":""},"yoast_head":"<!-- This site is optimized with the Yoast SEO plugin v22.5 - https:\/\/yoast.com\/wordpress\/plugins\/seo\/ -->\n<title>Nusahibi - Un v\u00e9ritable Ecolodge \/ Bungalows \u00e9cologique ! - Nusahibi - Hotel \u00e9cologique \u00e0 Sumba - Indon\u00e9sie<\/title>\n<meta name=\"description\" content=\"Notre h\u00f4tel \u00e9cologique se veut \u00eatre EXEMPLAIRE dans le RESPECT de la nature. D\u00e9couvrez VITE notre \u00e9colodge et nos bungalows \u00e0 la vente !\" \/>\n<meta name=\"robots\" content=\"index, follow, max-snippet:-1, max-image-preview:large, max-video-preview:-1\" \/>\n<link rel=\"canonical\" href=\"https:\/\/nusahibi.com\/ecolodge-bungalow-ecologique\/\" \/>\n<meta property=\"og:locale\" content=\"fr_FR\" \/>\n<meta property=\"og:type\" content=\"article\" \/>\n<meta property=\"og:title\" content=\"Nusahibi - Un v\u00e9ritable Ecolodge \/ Bungalows \u00e9cologique ! - Nusahibi - Hotel \u00e9cologique \u00e0 Sumba - Indon\u00e9sie\" \/>\n<meta property=\"og:description\" content=\"Notre h\u00f4tel \u00e9cologique se veut \u00eatre EXEMPLAIRE dans le RESPECT de la nature. D\u00e9couvrez VITE notre \u00e9colodge et nos bungalows \u00e0 la vente !\" \/>\n<meta property=\"og:url\" content=\"https:\/\/nusahibi.com\/ecolodge-bungalow-ecologique\/\" \/>\n<meta property=\"og:site_name\" content=\"Nusahibi - Hotel \u00e9cologique \u00e0 Sumba - Indon\u00e9sie\" \/>\n<meta property=\"article:modified_time\" content=\"2020-11-24T04:21:31+00:00\" \/>\n<meta property=\"og:image\" content=\"https:\/\/nusahibi.com\/wp-content\/uploads\/2015\/06\/1-RESPECT-DE-LA-NATURE1.gif\" \/>\n<meta name=\"twitter:card\" content=\"summary_large_image\" \/>\n<meta name=\"twitter:label1\" content=\"Dur\u00e9e de lecture estim\u00e9e\" \/>\n\t<meta name=\"twitter:data1\" content=\"9 minutes\" \/>\n<script type=\"application\/ld+json\" class=\"yoast-schema-graph\">{\"@context\":\"https:\/\/schema.org\",\"@graph\":[{\"@type\":\"WebPage\",\"@id\":\"https:\/\/nusahibi.com\/ecolodge-bungalow-ecologique\/\",\"url\":\"https:\/\/nusahibi.com\/ecolodge-bungalow-ecologique\/\",\"name\":\"Nusahibi - Un v\u00e9ritable Ecolodge \/ Bungalows \u00e9cologique ! - Nusahibi - Hotel \u00e9cologique \u00e0 Sumba - Indon\u00e9sie\",\"isPartOf\":{\"@id\":\"https:\/\/nusahibi.com\/#website\"},\"primaryImageOfPage\":{\"@id\":\"https:\/\/nusahibi.com\/ecolodge-bungalow-ecologique\/#primaryimage\"},\"image\":{\"@id\":\"https:\/\/nusahibi.com\/ecolodge-bungalow-ecologique\/#primaryimage\"},\"thumbnailUrl\":\"https:\/\/nusahibi.com\/wp-content\/uploads\/2015\/06\/1-RESPECT-DE-LA-NATURE1.gif\",\"datePublished\":\"2016-06-13T14:49:20+00:00\",\"dateModified\":\"2020-11-24T04:21:31+00:00\",\"description\":\"Notre h\u00f4tel \u00e9cologique se veut \u00eatre EXEMPLAIRE dans le RESPECT de la nature. D\u00e9couvrez VITE notre \u00e9colodge et nos bungalows \u00e0 la vente !\",\"breadcrumb\":{\"@id\":\"https:\/\/nusahibi.com\/ecolodge-bungalow-ecologique\/#breadcrumb\"},\"inLanguage\":\"fr-FR\",\"potentialAction\":[{\"@type\":\"ReadAction\",\"target\":[\"https:\/\/nusahibi.com\/ecolodge-bungalow-ecologique\/\"]}]},{\"@type\":\"ImageObject\",\"inLanguage\":\"fr-FR\",\"@id\":\"https:\/\/nusahibi.com\/ecolodge-bungalow-ecologique\/#primaryimage\",\"url\":\"https:\/\/nusahibi.com\/wp-content\/uploads\/2015\/06\/1-RESPECT-DE-LA-NATURE1.gif\",\"contentUrl\":\"https:\/\/nusahibi.com\/wp-content\/uploads\/2015\/06\/1-RESPECT-DE-LA-NATURE1.gif\"},{\"@type\":\"BreadcrumbList\",\"@id\":\"https:\/\/nusahibi.com\/ecolodge-bungalow-ecologique\/#breadcrumb\",\"itemListElement\":[{\"@type\":\"ListItem\",\"position\":1,\"name\":\"Home\",\"item\":\"https:\/\/nusahibi.com\/\"},{\"@type\":\"ListItem\",\"position\":2,\"name\":\"Nusahibi &#8211; Un v\u00e9ritable Ecolodge \/ Bungalows \u00e9cologique !\"}]},{\"@type\":\"WebSite\",\"@id\":\"https:\/\/nusahibi.com\/#website\",\"url\":\"https:\/\/nusahibi.com\/\",\"name\":\"Nusahibi - Hotel \u00e9cologique \u00e0 Sumba - Indon\u00e9sie\",\"description\":\"L&#039;excellence de la nature\",\"potentialAction\":[{\"@type\":\"SearchAction\",\"target\":{\"@type\":\"EntryPoint\",\"urlTemplate\":\"https:\/\/nusahibi.com\/?s={search_term_string}\"},\"query-input\":\"required name=search_term_string\"}],\"inLanguage\":\"fr-FR\"}]}<\/script>\n<!-- \/ Yoast SEO plugin. -->","yoast_head_json":{"title":"Nusahibi - Un v\u00e9ritable Ecolodge \/ Bungalows \u00e9cologique ! - Nusahibi - Hotel \u00e9cologique \u00e0 Sumba - Indon\u00e9sie","description":"Notre h\u00f4tel \u00e9cologique se veut \u00eatre EXEMPLAIRE dans le RESPECT de la nature. D\u00e9couvrez VITE notre \u00e9colodge et nos bungalows \u00e0 la vente !","robots":{"index":"index","follow":"follow","max-snippet":"max-snippet:-1","max-image-preview":"max-image-preview:large","max-video-preview":"max-video-preview:-1"},"canonical":"https:\/\/nusahibi.com\/ecolodge-bungalow-ecologique\/","og_locale":"fr_FR","og_type":"article","og_title":"Nusahibi - Un v\u00e9ritable Ecolodge \/ Bungalows \u00e9cologique ! - Nusahibi - Hotel \u00e9cologique \u00e0 Sumba - Indon\u00e9sie","og_description":"Notre h\u00f4tel \u00e9cologique se veut \u00eatre EXEMPLAIRE dans le RESPECT de la nature. D\u00e9couvrez VITE notre \u00e9colodge et nos bungalows \u00e0 la vente !","og_url":"https:\/\/nusahibi.com\/ecolodge-bungalow-ecologique\/","og_site_name":"Nusahibi - Hotel \u00e9cologique \u00e0 Sumba - Indon\u00e9sie","article_modified_time":"2020-11-24T04:21:31+00:00","og_image":[{"url":"https:\/\/nusahibi.com\/wp-content\/uploads\/2015\/06\/1-RESPECT-DE-LA-NATURE1.gif"}],"twitter_card":"summary_large_image","twitter_misc":{"Dur\u00e9e de lecture estim\u00e9e":"9 minutes"},"schema":{"@context":"https:\/\/schema.org","@graph":[{"@type":"WebPage","@id":"https:\/\/nusahibi.com\/ecolodge-bungalow-ecologique\/","url":"https:\/\/nusahibi.com\/ecolodge-bungalow-ecologique\/","name":"Nusahibi - Un v\u00e9ritable Ecolodge \/ Bungalows \u00e9cologique ! - Nusahibi - Hotel \u00e9cologique \u00e0 Sumba - Indon\u00e9sie","isPartOf":{"@id":"https:\/\/nusahibi.com\/#website"},"primaryImageOfPage":{"@id":"https:\/\/nusahibi.com\/ecolodge-bungalow-ecologique\/#primaryimage"},"image":{"@id":"https:\/\/nusahibi.com\/ecolodge-bungalow-ecologique\/#primaryimage"},"thumbnailUrl":"https:\/\/nusahibi.com\/wp-content\/uploads\/2015\/06\/1-RESPECT-DE-LA-NATURE1.gif","datePublished":"2016-06-13T14:49:20+00:00","dateModified":"2020-11-24T04:21:31+00:00","description":"Notre h\u00f4tel \u00e9cologique se veut \u00eatre EXEMPLAIRE dans le RESPECT de la nature. D\u00e9couvrez VITE notre \u00e9colodge et nos bungalows \u00e0 la vente !","breadcrumb":{"@id":"https:\/\/nusahibi.com\/ecolodge-bungalow-ecologique\/#breadcrumb"},"inLanguage":"fr-FR","potentialAction":[{"@type":"ReadAction","target":["https:\/\/nusahibi.com\/ecolodge-bungalow-ecologique\/"]}]},{"@type":"ImageObject","inLanguage":"fr-FR","@id":"https:\/\/nusahibi.com\/ecolodge-bungalow-ecologique\/#primaryimage","url":"https:\/\/nusahibi.com\/wp-content\/uploads\/2015\/06\/1-RESPECT-DE-LA-NATURE1.gif","contentUrl":"https:\/\/nusahibi.com\/wp-content\/uploads\/2015\/06\/1-RESPECT-DE-LA-NATURE1.gif"},{"@type":"BreadcrumbList","@id":"https:\/\/nusahibi.com\/ecolodge-bungalow-ecologique\/#breadcrumb","itemListElement":[{"@type":"ListItem","position":1,"name":"Home","item":"https:\/\/nusahibi.com\/"},{"@type":"ListItem","position":2,"name":"Nusahibi &#8211; Un v\u00e9ritable Ecolodge \/ Bungalows \u00e9cologique !"}]},{"@type":"WebSite","@id":"https:\/\/nusahibi.com\/#website","url":"https:\/\/nusahibi.com\/","name":"Nusahibi - Hotel \u00e9cologique \u00e0 Sumba - Indon\u00e9sie","description":"L&#039;excellence de la nature","potentialAction":[{"@type":"SearchAction","target":{"@type":"EntryPoint","urlTemplate":"https:\/\/nusahibi.com\/?s={search_term_string}"},"query-input":"required name=search_term_string"}],"inLanguage":"fr-FR"}]}},"jetpack_sharing_enabled":true,"jetpack_shortlink":"https:\/\/wp.me\/P6zCWu-8V","jetpack-related-posts":[],"_links":{"self":[{"href":"https:\/\/nusahibi.com\/fr\/wp-json\/wp\/v2\/pages\/553"}],"collection":[{"href":"https:\/\/nusahibi.com\/fr\/wp-json\/wp\/v2\/pages"}],"about":[{"href":"https:\/\/nusahibi.com\/fr\/wp-json\/wp\/v2\/types\/page"}],"author":[{"embeddable":true,"href":"https:\/\/nusahibi.com\/fr\/wp-json\/wp\/v2\/users\/1"}],"replies":[{"embeddable":true,"href":"https:\/\/nusahibi.com\/fr\/wp-json\/wp\/v2\/comments?post=553"}],"version-history":[{"count":16,"href":"https:\/\/nusahibi.com\/fr\/wp-json\/wp\/v2\/pages\/553\/revisions"}],"predecessor-version":[{"id":756,"href":"https:\/\/nusahibi.com\/fr\/wp-json\/wp\/v2\/pages\/553\/revisions\/756"}],"wp:attachment":[{"href":"https:\/\/nusahibi.com\/fr\/wp-json\/wp\/v2\/media?parent=553"}],"curies":[{"name":"wp","href":"https:\/\/api.w.org\/{rel}","templated":true}]}}