{"id":7,"date":"2015-06-08T16:33:46","date_gmt":"2015-06-08T15:33:46","guid":{"rendered":"http:\/\/nusahibi.com\/?page_id=7"},"modified":"2021-10-25T04:23:52","modified_gmt":"2021-10-25T03:23:52","slug":"le-projet","status":"publish","type":"page","link":"https:\/\/nusahibi.com\/fr\/","title":{"rendered":"Nusahibi &#8211; Ecolodge Sumba &#8211; Indonesia"},"content":{"rendered":"<div id=\"cs-content\" class=\"cs-content\"><\/div>\n","protected":false},"excerpt":{"rendered":"","protected":false},"author":1,"featured_media":0,"parent":0,"menu_order":0,"comment_status":"closed","ping_status":"open","template":"template-layout-full-width.php","meta":{"_monsterinsights_skip_tracking":false,"_monsterinsights_sitenote_active":false,"_monsterinsights_sitenote_note":"","_monsterinsights_sitenote_category":0,"jetpack_post_was_ever_published":false,"footnotes":""},"yoast_head":"<!-- This site is optimized with the Yoast SEO plugin v22.5 - https:\/\/yoast.com\/wordpress\/plugins\/seo\/ -->\n<title>Nusahibi Hotel Eco-luxe \u00e0 Sumba - Investir \u00e0 Sumba en Indon\u00e9sie<\/title>\n<meta name=\"description\" content=\"Le paradis. Pieds dans le sable. Nusahibi Eco Hotel sera le 1er hotel \u00e0 offrir une exp\u00e9rience luxueuse tout en respectant la nature\" \/>\n<meta name=\"robots\" content=\"index, follow, max-snippet:-1, max-image-preview:large, max-video-preview:-1\" \/>\n<link rel=\"canonical\" href=\"https:\/\/nusahibi.com\/\" \/>\n<meta property=\"og:locale\" content=\"fr_FR\" \/>\n<meta property=\"og:type\" content=\"article\" \/>\n<meta property=\"og:title\" content=\"Nusahibi Hotel Eco-luxe \u00e0 Sumba - Investir \u00e0 Sumba en Indon\u00e9sie\" \/>\n<meta property=\"og:description\" content=\"Le paradis. Pieds dans le sable. Nusahibi Eco Hotel sera le 1er hotel \u00e0 offrir une exp\u00e9rience luxueuse tout en respectant la nature\" \/>\n<meta property=\"og:url\" content=\"https:\/\/nusahibi.com\/\" \/>\n<meta property=\"og:site_name\" content=\"Nusahibi - Hotel \u00e9cologique \u00e0 Sumba - Indon\u00e9sie\" \/>\n<meta property=\"article:modified_time\" content=\"2021-10-25T03:23:52+00:00\" \/>\n<meta name=\"twitter:card\" content=\"summary_large_image\" \/>\n<meta name=\"twitter:label1\" content=\"Dur\u00e9e de lecture estim\u00e9e\" \/>\n\t<meta name=\"twitter:data1\" content=\"18 minutes\" \/>\n<script type=\"application\/ld+json\" class=\"yoast-schema-graph\">{\"@context\":\"https:\/\/schema.org\",\"@graph\":[{\"@type\":\"WebPage\",\"@id\":\"https:\/\/nusahibi.com\/\",\"url\":\"https:\/\/nusahibi.com\/\",\"name\":\"Nusahibi Hotel Eco-luxe \u00e0 Sumba - Investir \u00e0 Sumba en Indon\u00e9sie\",\"isPartOf\":{\"@id\":\"https:\/\/nusahibi.com\/#website\"},\"datePublished\":\"2015-06-08T15:33:46+00:00\",\"dateModified\":\"2021-10-25T03:23:52+00:00\",\"description\":\"Le paradis. Pieds dans le sable. Nusahibi Eco Hotel sera le 1er hotel \u00e0 offrir une exp\u00e9rience luxueuse tout en respectant la nature\",\"breadcrumb\":{\"@id\":\"https:\/\/nusahibi.com\/#breadcrumb\"},\"inLanguage\":\"fr-FR\",\"potentialAction\":[{\"@type\":\"ReadAction\",\"target\":[\"https:\/\/nusahibi.com\/\"]}]},{\"@type\":\"BreadcrumbList\",\"@id\":\"https:\/\/nusahibi.com\/#breadcrumb\",\"itemListElement\":[{\"@type\":\"ListItem\",\"position\":1,\"name\":\"Home\",\"item\":\"https:\/\/nusahibi.com\/\"},{\"@type\":\"ListItem\",\"position\":2,\"name\":\"Nusahibi &#8211; Ecolodge Sumba &#8211; Indonesia\"}]},{\"@type\":\"WebSite\",\"@id\":\"https:\/\/nusahibi.com\/#website\",\"url\":\"https:\/\/nusahibi.com\/\",\"name\":\"Nusahibi - Hotel \u00e9cologique \u00e0 Sumba - Indon\u00e9sie\",\"description\":\"L&#039;excellence de la nature\",\"potentialAction\":[{\"@type\":\"SearchAction\",\"target\":{\"@type\":\"EntryPoint\",\"urlTemplate\":\"https:\/\/nusahibi.com\/?s={search_term_string}\"},\"query-input\":\"required name=search_term_string\"}],\"inLanguage\":\"fr-FR\"}]}<\/script>\n<!-- \/ Yoast SEO plugin. -->","yoast_head_json":{"title":"Nusahibi Hotel Eco-luxe \u00e0 Sumba - Investir \u00e0 Sumba en Indon\u00e9sie","description":"Le paradis. Pieds dans le sable. Nusahibi Eco Hotel sera le 1er hotel \u00e0 offrir une exp\u00e9rience luxueuse tout en respectant la nature","robots":{"index":"index","follow":"follow","max-snippet":"max-snippet:-1","max-image-preview":"max-image-preview:large","max-video-preview":"max-video-preview:-1"},"canonical":"https:\/\/nusahibi.com\/","og_locale":"fr_FR","og_type":"article","og_title":"Nusahibi Hotel Eco-luxe \u00e0 Sumba - Investir \u00e0 Sumba en Indon\u00e9sie","og_description":"Le paradis. Pieds dans le sable. Nusahibi Eco Hotel sera le 1er hotel \u00e0 offrir une exp\u00e9rience luxueuse tout en respectant la nature","og_url":"https:\/\/nusahibi.com\/","og_site_name":"Nusahibi - Hotel \u00e9cologique \u00e0 Sumba - Indon\u00e9sie","article_modified_time":"2021-10-25T03:23:52+00:00","twitter_card":"summary_large_image","twitter_misc":{"Dur\u00e9e de lecture estim\u00e9e":"18 minutes"},"schema":{"@context":"https:\/\/schema.org","@graph":[{"@type":"WebPage","@id":"https:\/\/nusahibi.com\/","url":"https:\/\/nusahibi.com\/","name":"Nusahibi Hotel Eco-luxe \u00e0 Sumba - Investir \u00e0 Sumba en Indon\u00e9sie","isPartOf":{"@id":"https:\/\/nusahibi.com\/#website"},"datePublished":"2015-06-08T15:33:46+00:00","dateModified":"2021-10-25T03:23:52+00:00","description":"Le paradis. Pieds dans le sable. Nusahibi Eco Hotel sera le 1er hotel \u00e0 offrir une exp\u00e9rience luxueuse tout en respectant la nature","breadcrumb":{"@id":"https:\/\/nusahibi.com\/#breadcrumb"},"inLanguage":"fr-FR","potentialAction":[{"@type":"ReadAction","target":["https:\/\/nusahibi.com\/"]}]},{"@type":"BreadcrumbList","@id":"https:\/\/nusahibi.com\/#breadcrumb","itemListElement":[{"@type":"ListItem","position":1,"name":"Home","item":"https:\/\/nusahibi.com\/"},{"@type":"ListItem","position":2,"name":"Nusahibi &#8211; Ecolodge Sumba &#8211; Indonesia"}]},{"@type":"WebSite","@id":"https:\/\/nusahibi.com\/#website","url":"https:\/\/nusahibi.com\/","name":"Nusahibi - Hotel \u00e9cologique \u00e0 Sumba - Indon\u00e9sie","description":"L&#039;excellence de la nature","potentialAction":[{"@type":"SearchAction","target":{"@type":"EntryPoint","urlTemplate":"https:\/\/nusahibi.com\/?s={search_term_string}"},"query-input":"required name=search_term_string"}],"inLanguage":"fr-FR"}]}},"jetpack_sharing_enabled":true,"jetpack_shortlink":"https:\/\/wp.me\/P6zCWu-7","jetpack-related-posts":[],"_links":{"self":[{"href":"https:\/\/nusahibi.com\/fr\/wp-json\/wp\/v2\/pages\/7"}],"collection":[{"href":"https:\/\/nusahibi.com\/fr\/wp-json\/wp\/v2\/pages"}],"about":[{"href":"https:\/\/nusahibi.com\/fr\/wp-json\/wp\/v2\/types\/page"}],"author":[{"embeddable":true,"href":"https:\/\/nusahibi.com\/fr\/wp-json\/wp\/v2\/users\/1"}],"replies":[{"embeddable":true,"href":"https:\/\/nusahibi.com\/fr\/wp-json\/wp\/v2\/comments?post=7"}],"version-history":[{"count":90,"href":"https:\/\/nusahibi.com\/fr\/wp-json\/wp\/v2\/pages\/7\/revisions"}],"predecessor-version":[{"id":781,"href":"https:\/\/nusahibi.com\/fr\/wp-json\/wp\/v2\/pages\/7\/revisions\/781"}],"wp:attachment":[{"href":"https:\/\/nusahibi.com\/fr\/wp-json\/wp\/v2\/media?parent=7"}],"curies":[{"name":"wp","href":"https:\/\/api.w.org\/{rel}","templated":true}]}}